{"id":15766,"date":"2023-05-16T18:28:35","date_gmt":"2023-05-16T18:28:35","guid":{"rendered":"https:\/\/go-travel.com.mx\/?page_id=15766"},"modified":"2023-09-15T17:50:24","modified_gmt":"2023-09-15T17:50:24","slug":"destinos","status":"publish","type":"page","link":"https:\/\/go-travel.com.mx\/?page_id=15766","title":{"rendered":"Destinos"},"content":{"rendered":"\t\t<div data-elementor-type=\"wp-page\" data-elementor-id=\"15766\" class=\"elementor elementor-15766\">\n\t\t\t\t\t\t\t\t\t<section class=\"elementor-section elementor-top-section elementor-element elementor-element-9e07952 elementor-section-boxed elementor-section-height-default elementor-section-height-default\" data-id=\"9e07952\" data-element_type=\"section\" data-settings=\"{&quot;ekit_has_onepagescroll_dot&quot;:&quot;yes&quot;}\">\n\t\t\t\t\t\t<div class=\"elementor-container elementor-column-gap-default\">\n\t\t\t\t\t<div class=\"elementor-column elementor-col-100 elementor-top-column elementor-element elementor-element-9ac5cde\" data-id=\"9ac5cde\" data-element_type=\"column\">\n\t\t\t<div class=\"elementor-widget-wrap elementor-element-populated\">\n\t\t\t\t\t\t\t\t<div class=\"elementor-element elementor-element-478a2e7 elementor-widget elementor-widget-heading\" data-id=\"478a2e7\" data-element_type=\"widget\" data-settings=\"{&quot;ekit_we_effect_on&quot;:&quot;none&quot;}\" data-widget_type=\"heading.default\">\n\t\t\t\t<div class=\"elementor-widget-container\">\n\t\t\t<style>\/*! elementor - v3.13.2 - 11-05-2023 *\/\n.elementor-heading-title{padding:0;margin:0;line-height:1}.elementor-widget-heading .elementor-heading-title[class*=elementor-size-]>a{color:inherit;font-size:inherit;line-height:inherit}.elementor-widget-heading .elementor-heading-title.elementor-size-small{font-size:15px}.elementor-widget-heading .elementor-heading-title.elementor-size-medium{font-size:19px}.elementor-widget-heading .elementor-heading-title.elementor-size-large{font-size:29px}.elementor-widget-heading .elementor-heading-title.elementor-size-xl{font-size:39px}.elementor-widget-heading .elementor-heading-title.elementor-size-xxl{font-size:59px}<\/style><h1 class=\"elementor-heading-title elementor-size-default\">                  Ixtapa <\/h1>\t\t<\/div>\n\t\t\t\t<\/div>\n\t\t\t\t\t<\/div>\n\t\t<\/div>\n\t\t\t\t\t\t\t<\/div>\n\t\t<\/section>\n\t\t\t\t<section class=\"elementor-section elementor-top-section elementor-element elementor-element-91adc5b elementor-section-boxed elementor-section-height-default elementor-section-height-default\" data-id=\"91adc5b\" data-element_type=\"section\" data-settings=\"{&quot;ekit_has_onepagescroll_dot&quot;:&quot;yes&quot;}\">\n\t\t\t\t\t\t<div class=\"elementor-container elementor-column-gap-default\">\n\t\t\t\t\t<div class=\"elementor-column elementor-col-100 elementor-top-column elementor-element elementor-element-f9755ec\" data-id=\"f9755ec\" data-element_type=\"column\">\n\t\t\t<div class=\"elementor-widget-wrap elementor-element-populated\">\n\t\t\t\t\t\t\t\t<section class=\"elementor-section elementor-inner-section elementor-element elementor-element-364645d elementor-section-boxed elementor-section-height-default elementor-section-height-default\" data-id=\"364645d\" data-element_type=\"section\" data-settings=\"{&quot;ekit_has_onepagescroll_dot&quot;:&quot;yes&quot;}\">\n\t\t\t\t\t\t<div class=\"elementor-container elementor-column-gap-default\">\n\t\t\t\t\t<div class=\"elementor-column elementor-col-50 elementor-inner-column elementor-element elementor-element-abfed86\" data-id=\"abfed86\" data-element_type=\"column\">\n\t\t\t<div class=\"elementor-widget-wrap elementor-element-populated\">\n\t\t\t\t\t\t\t\t<div class=\"elementor-element elementor-element-4be3f71 elementor-widget__width-initial elementor-widget elementor-widget-image\" data-id=\"4be3f71\" data-element_type=\"widget\" data-settings=\"{&quot;ekit_we_effect_on&quot;:&quot;none&quot;}\" data-widget_type=\"image.default\">\n\t\t\t\t<div class=\"elementor-widget-container\">\n\t\t\t<style>\/*! elementor - v3.13.2 - 11-05-2023 *\/\n.elementor-widget-image{text-align:center}.elementor-widget-image a{display:inline-block}.elementor-widget-image a img[src$=\".svg\"]{width:48px}.elementor-widget-image img{vertical-align:middle;display:inline-block}<\/style>\t\t\t\t\t\t\t\t\t\t\t\t<img loading=\"lazy\" decoding=\"async\" width=\"300\" height=\"150\" src=\"https:\/\/go-travel.com.mx\/wp-content\/uploads\/2023\/09\/375024602_855310809576002_7625083745657075367_n-300x150.jpg\" class=\"attachment-medium size-medium wp-image-16188\" alt=\"\" srcset=\"https:\/\/go-travel.com.mx\/wp-content\/uploads\/2023\/09\/375024602_855310809576002_7625083745657075367_n-300x150.jpg 300w, https:\/\/go-travel.com.mx\/wp-content\/uploads\/2023\/09\/375024602_855310809576002_7625083745657075367_n-768x384.jpg 768w, https:\/\/go-travel.com.mx\/wp-content\/uploads\/2023\/09\/375024602_855310809576002_7625083745657075367_n.jpg 1000w\" sizes=\"auto, (max-width: 300px) 100vw, 300px\" style=\"width:100%;height:50%;max-width:1000px\" \/>\t\t\t\t\t\t\t\t\t\t\t\t\t\t\t<\/div>\n\t\t\t\t<\/div>\n\t\t\t\t<div class=\"elementor-element elementor-element-eaf340f elementor-widget__width-initial elementor-widget elementor-widget-image\" data-id=\"eaf340f\" data-element_type=\"widget\" data-settings=\"{&quot;ekit_we_effect_on&quot;:&quot;none&quot;}\" data-widget_type=\"image.default\">\n\t\t\t\t<div class=\"elementor-widget-container\">\n\t\t\t\t\t\t\t\t\t\t\t\t\t\t\t<img loading=\"lazy\" decoding=\"async\" width=\"300\" height=\"150\" src=\"https:\/\/go-travel.com.mx\/wp-content\/uploads\/2023\/09\/374958055_1307731883198595_8958814078108642403_n-300x150.jpg\" class=\"attachment-medium size-medium wp-image-16190\" alt=\"\" srcset=\"https:\/\/go-travel.com.mx\/wp-content\/uploads\/2023\/09\/374958055_1307731883198595_8958814078108642403_n-300x150.jpg 300w, https:\/\/go-travel.com.mx\/wp-content\/uploads\/2023\/09\/374958055_1307731883198595_8958814078108642403_n-768x384.jpg 768w, https:\/\/go-travel.com.mx\/wp-content\/uploads\/2023\/09\/374958055_1307731883198595_8958814078108642403_n.jpg 806w\" sizes=\"auto, (max-width: 300px) 100vw, 300px\" style=\"width:100%;height:50%;max-width:806px\" \/>\t\t\t\t\t\t\t\t\t\t\t\t\t\t\t<\/div>\n\t\t\t\t<\/div>\n\t\t\t\t\t<\/div>\n\t\t<\/div>\n\t\t\t\t<div class=\"elementor-column elementor-col-50 elementor-inner-column elementor-element elementor-element-48678ee\" data-id=\"48678ee\" data-element_type=\"column\">\n\t\t\t<div class=\"elementor-widget-wrap elementor-element-populated\">\n\t\t\t\t\t\t\t\t<div class=\"elementor-element elementor-element-393ad0a elementor-widget__width-initial elementor-widget elementor-widget-text-editor\" data-id=\"393ad0a\" data-element_type=\"widget\" data-settings=\"{&quot;ekit_we_effect_on&quot;:&quot;none&quot;}\" data-widget_type=\"text-editor.default\">\n\t\t\t\t<div class=\"elementor-widget-container\">\n\t\t\t<style>\/*! elementor - v3.13.2 - 11-05-2023 *\/\n.elementor-widget-text-editor.elementor-drop-cap-view-stacked .elementor-drop-cap{background-color:#69727d;color:#fff}.elementor-widget-text-editor.elementor-drop-cap-view-framed .elementor-drop-cap{color:#69727d;border:3px solid;background-color:transparent}.elementor-widget-text-editor:not(.elementor-drop-cap-view-default) .elementor-drop-cap{margin-top:8px}.elementor-widget-text-editor:not(.elementor-drop-cap-view-default) .elementor-drop-cap-letter{width:1em;height:1em}.elementor-widget-text-editor .elementor-drop-cap{float:left;text-align:center;line-height:1;font-size:50px}.elementor-widget-text-editor .elementor-drop-cap-letter{display:inline-block}<\/style>\t\t\t\t<p><b><br><\/b><\/p>\n<p><span style=\"color: var( --e-global-color-text ); font-weight: var( --e-global-typography-text-font-weight ); font-size: 1rem; letter-spacing: 0px;\"><br><\/span><\/p>\n<p><span style=\"color: var( --e-global-color-text ); font-size: 1rem; font-weight: var( --e-global-typography-text-font-weight ); letter-spacing: 0px;\">Ixtapa, playa de la ciudad de Guerrero, de las playas mas importantes del territorio Mexicano. El&nbsp;nombre \u00abIxtapa\u00bb proviene del n\u00e1huatl y significa \u00abLugar blanco\u00bb. Ixtapa fue desarrollada como un destino tur\u00edstico a partir de la d\u00e9cada de 1970. Originalmente, era una extensa plantaci\u00f3n de cocoteros y manglares. &nbsp;Fue elegido por su sonoridad y atractivo para los visitantes, se ha convertido en un destino tur\u00edstico muy popular en M\u00e9xico, ofreciendo una mezcla de belleza natural, comodidades modernas y una rica cultura local.<\/span><br><\/p>\t\t\t\t\t\t<\/div>\n\t\t\t\t<\/div>\n\t\t\t\t\t<\/div>\n\t\t<\/div>\n\t\t\t\t\t\t\t<\/div>\n\t\t<\/section>\n\t\t\t\t\t<\/div>\n\t\t<\/div>\n\t\t\t\t\t\t\t<\/div>\n\t\t<\/section>\n\t\t\t\t<section class=\"elementor-section elementor-top-section elementor-element elementor-element-0d8b16c elementor-section-boxed elementor-section-height-default elementor-section-height-default\" data-id=\"0d8b16c\" data-element_type=\"section\" data-settings=\"{&quot;ekit_has_onepagescroll_dot&quot;:&quot;yes&quot;}\">\n\t\t\t\t\t\t<div class=\"elementor-container elementor-column-gap-default\">\n\t\t\t\t\t<div class=\"elementor-column elementor-col-100 elementor-top-column elementor-element elementor-element-4184eb0\" data-id=\"4184eb0\" data-element_type=\"column\">\n\t\t\t<div class=\"elementor-widget-wrap elementor-element-populated\">\n\t\t\t\t\t\t\t\t<div class=\"elementor-element elementor-element-daeea6b elementor-widget elementor-widget-heading\" data-id=\"daeea6b\" data-element_type=\"widget\" data-settings=\"{&quot;ekit_we_effect_on&quot;:&quot;none&quot;}\" data-widget_type=\"heading.default\">\n\t\t\t\t<div class=\"elementor-widget-container\">\n\t\t\t<h2 class=\"elementor-heading-title elementor-size-default\">Puerto Vallarta<\/h2>\t\t<\/div>\n\t\t\t\t<\/div>\n\t\t\t\t\t<\/div>\n\t\t<\/div>\n\t\t\t\t\t\t\t<\/div>\n\t\t<\/section>\n\t\t\t\t<section class=\"elementor-section elementor-top-section elementor-element elementor-element-09dc089 elementor-section-boxed elementor-section-height-default elementor-section-height-default\" data-id=\"09dc089\" data-element_type=\"section\" data-settings=\"{&quot;ekit_has_onepagescroll_dot&quot;:&quot;yes&quot;}\">\n\t\t\t\t\t\t<div class=\"elementor-container elementor-column-gap-default\">\n\t\t\t\t\t<div class=\"elementor-column elementor-col-100 elementor-top-column elementor-element elementor-element-1a27922\" data-id=\"1a27922\" data-element_type=\"column\">\n\t\t\t<div class=\"elementor-widget-wrap elementor-element-populated\">\n\t\t\t\t\t\t\t\t<section class=\"elementor-section elementor-inner-section elementor-element elementor-element-e5684e0 elementor-section-boxed elementor-section-height-default elementor-section-height-default\" data-id=\"e5684e0\" data-element_type=\"section\" data-settings=\"{&quot;ekit_has_onepagescroll_dot&quot;:&quot;yes&quot;}\">\n\t\t\t\t\t\t<div class=\"elementor-container elementor-column-gap-default\">\n\t\t\t\t\t<div class=\"elementor-column elementor-col-50 elementor-inner-column elementor-element elementor-element-dab3b37\" data-id=\"dab3b37\" data-element_type=\"column\">\n\t\t\t<div class=\"elementor-widget-wrap elementor-element-populated\">\n\t\t\t\t\t\t\t\t<div class=\"elementor-element elementor-element-fcfa4d1 elementor-widget elementor-widget-text-editor\" data-id=\"fcfa4d1\" data-element_type=\"widget\" data-settings=\"{&quot;ekit_we_effect_on&quot;:&quot;none&quot;}\" data-widget_type=\"text-editor.default\">\n\t\t\t\t<div class=\"elementor-widget-container\">\n\t\t\t\t\t\t\t<p>Lorem ipsum dolor sit amet, consectetur adipiscing elit, sed do eiusmod tempor incididunt ut labore et dolore magna aliqua. Sit amet risus nullam eget. Tortor aliquam nulla facilisi cras fermentum odio eu feugiat. Elementum curabitur vitae nunc sed velit dignissim sodales. Adipiscing at in tellus integer. Viverra maecenas accumsan lacus vel. Ut enim blandit volutpat maecenas volutpat blandit aliquam. Vel pharetra vel turpis nunc eget lorem. Magnis dis parturient montes nascetur ridiculus.<\/p><p>Bibendum arcu vitae elementum curabitur vitae. Enim lobortis scelerisque fermentum dui faucibus in ornare. Maecenas accumsan lacus vel facilisis volutpat est. Aenean et tortor at risus viverra adipiscing at in. Ut ornare lectus sit amet est placerat. Posuere morbi leo urna molestie at elementum eu facilisis sed.<\/p>\t\t\t\t\t\t<\/div>\n\t\t\t\t<\/div>\n\t\t\t\t\t<\/div>\n\t\t<\/div>\n\t\t\t\t<div class=\"elementor-column elementor-col-50 elementor-inner-column elementor-element elementor-element-ef996b9\" data-id=\"ef996b9\" data-element_type=\"column\">\n\t\t\t<div class=\"elementor-widget-wrap elementor-element-populated\">\n\t\t\t\t\t\t\t\t<div class=\"elementor-element elementor-element-8d605c1 elementor-widget elementor-widget-image\" data-id=\"8d605c1\" data-element_type=\"widget\" data-settings=\"{&quot;ekit_we_effect_on&quot;:&quot;none&quot;}\" data-widget_type=\"image.default\">\n\t\t\t\t<div class=\"elementor-widget-container\">\n\t\t\t\t\t\t\t\t\t\t\t\t\t\t\t<img loading=\"lazy\" decoding=\"async\" width=\"750\" height=\"454\" src=\"https:\/\/go-travel.com.mx\/wp-content\/uploads\/2021\/05\/blog_1.jpg\" class=\"attachment-large size-large wp-image-15582\" alt=\"\" srcset=\"https:\/\/go-travel.com.mx\/wp-content\/uploads\/2021\/05\/blog_1.jpg 890w, https:\/\/go-travel.com.mx\/wp-content\/uploads\/2021\/05\/blog_1-300x182.jpg 300w, https:\/\/go-travel.com.mx\/wp-content\/uploads\/2021\/05\/blog_1-768x465.jpg 768w\" sizes=\"auto, (max-width: 750px) 100vw, 750px\" style=\"width:100%;height:60.56%;max-width:890px\" \/>\t\t\t\t\t\t\t\t\t\t\t\t\t\t\t<\/div>\n\t\t\t\t<\/div>\n\t\t\t\t\t<\/div>\n\t\t<\/div>\n\t\t\t\t\t\t\t<\/div>\n\t\t<\/section>\n\t\t\t\t\t<\/div>\n\t\t<\/div>\n\t\t\t\t\t\t\t<\/div>\n\t\t<\/section>\n\t\t\t\t\t\t\t<\/div>\n\t\t","protected":false},"excerpt":{"rendered":"<p>Ixtapa Ixtapa, playa de la ciudad de Guerrero, de las playas mas importantes del territorio Mexicano. El&nbsp;nombre \u00abIxtapa\u00bb proviene del n\u00e1huatl y significa \u00abLugar blanco\u00bb. Ixtapa fue desarrollada como un destino tur\u00edstico a partir de la d\u00e9cada de 1970. Originalmente, era una extensa plantaci\u00f3n de cocoteros y manglares. &nbsp;Fue elegido por su sonoridad y atractivo&hellip; <a class=\"more-link\" href=\"https:\/\/go-travel.com.mx\/?page_id=15766\">Continue reading <span class=\"screen-reader-text\">Destinos<\/span><\/a><\/p>\n","protected":false},"author":1,"featured_media":15590,"parent":0,"menu_order":0,"comment_status":"closed","ping_status":"closed","template":"elementor_theme","meta":{"_mi_skip_tracking":false,"footnotes":""},"class_list":["post-15766","page","type-page","status-publish","has-post-thumbnail","hentry","entry"],"aioseo_notices":[],"_links":{"self":[{"href":"https:\/\/go-travel.com.mx\/index.php?rest_route=\/wp\/v2\/pages\/15766","targetHints":{"allow":["GET"]}}],"collection":[{"href":"https:\/\/go-travel.com.mx\/index.php?rest_route=\/wp\/v2\/pages"}],"about":[{"href":"https:\/\/go-travel.com.mx\/index.php?rest_route=\/wp\/v2\/types\/page"}],"author":[{"embeddable":true,"href":"https:\/\/go-travel.com.mx\/index.php?rest_route=\/wp\/v2\/users\/1"}],"replies":[{"embeddable":true,"href":"https:\/\/go-travel.com.mx\/index.php?rest_route=%2Fwp%2Fv2%2Fcomments&post=15766"}],"version-history":[{"count":65,"href":"https:\/\/go-travel.com.mx\/index.php?rest_route=\/wp\/v2\/pages\/15766\/revisions"}],"predecessor-version":[{"id":16256,"href":"https:\/\/go-travel.com.mx\/index.php?rest_route=\/wp\/v2\/pages\/15766\/revisions\/16256"}],"wp:featuredmedia":[{"embeddable":true,"href":"https:\/\/go-travel.com.mx\/index.php?rest_route=\/wp\/v2\/media\/15590"}],"wp:attachment":[{"href":"https:\/\/go-travel.com.mx\/index.php?rest_route=%2Fwp%2Fv2%2Fmedia&parent=15766"}],"curies":[{"name":"wp","href":"https:\/\/api.w.org\/{rel}","templated":true}]}}