{"id":15774,"date":"2023-05-16T18:37:52","date_gmt":"2023-05-16T18:37:52","guid":{"rendered":"https:\/\/go-travel.com.mx\/?page_id=15774"},"modified":"2023-08-18T17:38:29","modified_gmt":"2023-08-18T17:38:29","slug":"noticias","status":"publish","type":"page","link":"https:\/\/go-travel.com.mx\/?page_id=15774","title":{"rendered":"Noticias"},"content":{"rendered":"\t\t<div data-elementor-type=\"wp-page\" data-elementor-id=\"15774\" class=\"elementor elementor-15774\">\n\t\t\t\t\t\t\t\t\t<section class=\"elementor-section elementor-top-section elementor-element elementor-element-0fe31e0 elementor-section-boxed elementor-section-height-default elementor-section-height-default\" data-id=\"0fe31e0\" data-element_type=\"section\" data-settings=\"{&quot;ekit_has_onepagescroll_dot&quot;:&quot;yes&quot;}\">\n\t\t\t\t\t\t<div class=\"elementor-container elementor-column-gap-default\">\n\t\t\t\t\t<div class=\"elementor-column elementor-col-100 elementor-top-column elementor-element elementor-element-68bcc81\" data-id=\"68bcc81\" data-element_type=\"column\">\n\t\t\t<div class=\"elementor-widget-wrap elementor-element-populated\">\n\t\t\t\t\t\t\t\t<section class=\"elementor-section elementor-inner-section elementor-element elementor-element-e8b927c elementor-section-boxed elementor-section-height-default elementor-section-height-default\" data-id=\"e8b927c\" data-element_type=\"section\" data-settings=\"{&quot;ekit_has_onepagescroll_dot&quot;:&quot;yes&quot;}\">\n\t\t\t\t\t\t<div class=\"elementor-container elementor-column-gap-default\">\n\t\t\t\t\t<div class=\"elementor-column elementor-col-100 elementor-inner-column elementor-element elementor-element-27140f4\" data-id=\"27140f4\" data-element_type=\"column\">\n\t\t\t<div class=\"elementor-widget-wrap elementor-element-populated\">\n\t\t\t\t\t\t\t\t<div class=\"elementor-element elementor-element-91e98d3 elementor-widget elementor-widget-elementskit-blog-posts\" data-id=\"91e98d3\" data-element_type=\"widget\" data-settings=\"{&quot;ekit_we_effect_on&quot;:&quot;none&quot;}\" data-widget_type=\"elementskit-blog-posts.default\">\n\t\t\t\t<div class=\"elementor-widget-container\">\n\t\t\t<div class=\"ekit-wid-con\" >\n        <div id=\"post-items--91e98d3\" class=\"row post-items ekit-blog-posts-content\">\n\n        \n            \n\n            <div class=\"col-md-12\">\n\n                                    <div class=\"elementskit-blog-block-post\">\n                        <div class=\"row no-gutters\">\n                            \n                            <div class=\"col-md-12 order-2\">\n                                <div class=\"elementskit-post-body \">\n                                    <div class=\"elementskit-entry-header\">\n                                        \n                                                                                                                                                                        \n                                            \n                                                                                                            <h2 class=\"entry-title\">\n                    <a href=\"https:\/\/go-travel.com.mx\/?p=1\">\n                            \u00a1Bienvenido!                    <\/a>\n                <\/h2>\n                                                                                                <\/div><!-- .elementskit-entry-header END -->\n\n                                                                            <div class=\"elementskit-post-footer\">\n                                                                                            <p>\u00a1 Bienvenidos a nuestra empresa transportista de turistas ! Estamos emocionados de\u00a0 ser de su elecci\u00f3n para explorar nuevos destinos y vivir aventuras inolvidables, con tu mejor opci\u00f3n que somos nosotros. Nuestro equipo esta comprometido en brindarles un viaje seguro, c\u00f3modo y lleno de experiencias memorable. \u00a1Prep\u00e1rense para descubrir el mundo con nosotros!<\/p>\n                                                                                                                                <\/div><!-- .elementskit-post-footer END -->\n                                                                    <\/div><!-- .elementskit-post-body END -->\n                            <\/div>\n                        <\/div>\n                    <\/div><!-- .elementskit-blog-block-post .radius .gradient-bg END -->\n                \n            <\/div>\n\n            \n            \n\n            <div class=\"col-md-12\">\n\n                                    <div class=\"elementskit-blog-block-post\">\n                        <div class=\"row no-gutters\">\n                                                            <div class=\"col-md-6 order-1\">\n                                    <a href=\"https:\/\/go-travel.com.mx\/?p=1920\" class=\"elementskit-entry-thumb\">\n                                        <img decoding=\"async\" src=\"https:\/\/go-travel.com.mx\/wp-content\/uploads\/2021\/05\/Diseno-sin-titulo-1024x819.png\" alt=\"Playas Mexicanas\">\n                                    <\/a><!-- .elementskit-entry-thumb END -->\n                                <\/div>\n                            \n                            <div class=\"col-md-6 order-2\">\n                                <div class=\"elementskit-post-body \">\n                                    <div class=\"elementskit-entry-header\">\n                                        \n                                                                                                                                                                        \n                                            \n                                                                                                            <h2 class=\"entry-title\">\n                    <a href=\"https:\/\/go-travel.com.mx\/?p=1920\">\n                            Playas Mexicanas                    <\/a>\n                <\/h2>\n                                                                                                <\/div><!-- .elementskit-entry-header END -->\n\n                                                                            <div class=\"elementskit-post-footer\">\n                                                                                            <p>M\u00e9xico es uno de los destinos tur\u00edsticos de playa m\u00e1s populares del mundo, atrayendo a millones de visitantes extranjeros cada a\u00f1o. Muchas de las playas mexicanas disfrutan de un clima c\u00e1lido y soleado durante la mayor parte del a\u00f1o, lo que las convierte en destinos ideales para vacaciones tropicales. Son conocidas por su animada vida&hellip; <a class=\"more-link\" href=\"https:\/\/go-travel.com.mx\/?p=1920\">Continue reading <span class=\"screen-reader-text\">Playas Mexicanas<\/span><\/a><\/p>\n                                                                                                                                <\/div><!-- .elementskit-post-footer END -->\n                                                                    <\/div><!-- .elementskit-post-body END -->\n                            <\/div>\n                        <\/div>\n                    <\/div><!-- .elementskit-blog-block-post .radius .gradient-bg END -->\n                \n            <\/div>\n\n            \n            \n\n            <div class=\"col-md-12\">\n\n                                    <div class=\"elementskit-blog-block-post\">\n                        <div class=\"row no-gutters\">\n                                                            <div class=\"col-md-6 order-1\">\n                                    <a href=\"https:\/\/go-travel.com.mx\/?p=1903\" class=\"elementskit-entry-thumb\">\n                                        <img decoding=\"async\" src=\"https:\/\/go-travel.com.mx\/wp-content\/uploads\/2021\/03\/Diseno-sin-titulo-1-1024x819.png\" alt=\"Ixtapa\">\n                                    <\/a><!-- .elementskit-entry-thumb END -->\n                                <\/div>\n                            \n                            <div class=\"col-md-6 order-2\">\n                                <div class=\"elementskit-post-body \">\n                                    <div class=\"elementskit-entry-header\">\n                                        \n                                                                                                                                                                        \n                                            \n                                                                                                            <h2 class=\"entry-title\">\n                    <a href=\"https:\/\/go-travel.com.mx\/?p=1903\">\n                            Ixtapa                    <\/a>\n                <\/h2>\n                                                                                                <\/div><!-- .elementskit-entry-header END -->\n\n                                                                            <div class=\"elementskit-post-footer\">\n                                                                                            <p>Home Popular destino tur\u00edstico en la costa del Pacifico de M\u00e9xico, situado en el estado de Guerrero. Cuenta\u00a0 con hermosas playas de arena blanca y agua cristalina, que no sabes en cuanta belleza quisieras explorar como Playa el Palmar, ideal para nadar y practicar deportes acu\u00e1ticos. Ofrece una animada vida nocturna, con bares, discotecas y&hellip; <a class=\"more-link\" href=\"https:\/\/go-travel.com.mx\/?p=1903\">Continue reading <span class=\"screen-reader-text\">Ixtapa<\/span><\/a><\/p>\n                                                                                                                                <\/div><!-- .elementskit-post-footer END -->\n                                                                    <\/div><!-- .elementskit-post-body END -->\n                            <\/div>\n                        <\/div>\n                    <\/div><!-- .elementskit-blog-block-post .radius .gradient-bg END -->\n                \n            <\/div>\n\n            \n            \n\n            <div class=\"col-md-12\">\n\n                                    <div class=\"elementskit-blog-block-post\">\n                        <div class=\"row no-gutters\">\n                                                            <div class=\"col-md-6 order-1\">\n                                    <a href=\"https:\/\/go-travel.com.mx\/?p=1923\" class=\"elementskit-entry-thumb\">\n                                        <img decoding=\"async\" src=\"https:\/\/go-travel.com.mx\/wp-content\/uploads\/2021\/02\/Diseno-sin-titulo-2-1024x819.png\" alt=\"Zihuatanejo\">\n                                    <\/a><!-- .elementskit-entry-thumb END -->\n                                <\/div>\n                            \n                            <div class=\"col-md-6 order-2\">\n                                <div class=\"elementskit-post-body \">\n                                    <div class=\"elementskit-entry-header\">\n                                        \n                                                                                                                                                                        \n                                            \n                                                                                                            <h2 class=\"entry-title\">\n                    <a href=\"https:\/\/go-travel.com.mx\/?p=1923\">\n                            Zihuatanejo                    <\/a>\n                <\/h2>\n                                                                                                <\/div><!-- .elementskit-entry-header END -->\n\n                                                                            <div class=\"elementskit-post-footer\">\n                                                                                            <p>Etiam mollis pharetra nisl ut venenatis. Curabitur id massa vulputate, scelerisque mi a, facilisis velit. Nunc suscipit ante eget lacus blandit, sed ornare eros cursus.<\/p>\n                                                                                                                                <\/div><!-- .elementskit-post-footer END -->\n                                                                    <\/div><!-- .elementskit-post-body END -->\n                            <\/div>\n                        <\/div>\n                    <\/div><!-- .elementskit-blog-block-post .radius .gradient-bg END -->\n                \n            <\/div>\n\n                    <\/div>\n        \n        \n        <\/div>\t\t<\/div>\n\t\t\t\t<\/div>\n\t\t\t\t\t<\/div>\n\t\t<\/div>\n\t\t\t\t\t\t\t<\/div>\n\t\t<\/section>\n\t\t\t\t\t<\/div>\n\t\t<\/div>\n\t\t\t\t\t\t\t<\/div>\n\t\t<\/section>\n\t\t\t\t\t\t\t<\/div>\n\t\t","protected":false},"excerpt":{"rendered":"<p>Bienvenido! En este espacio publicaremos nueva informaci\u00f3n referente a nuestros servicios y destinos The Great Buddha \u2013 Daibustu qui dolorem ipsum quia dolor sit amet, consectetur, adipisci velit, sed quia non numquam eius modi tempora incidunt ut labore et dolore magnam aliquam quaerat voluptatem. Ut enim ad minima veniam, quis nostrum exercitationem ullam corporis suscipit&hellip; <a class=\"more-link\" href=\"https:\/\/go-travel.com.mx\/?p=1923\">Continue reading <span class=\"screen-reader-text\">Zihuatanejo<\/span><\/a><\/p>\n","protected":false},"author":1,"featured_media":0,"parent":0,"menu_order":0,"comment_status":"closed","ping_status":"closed","template":"sidebar-template.php","meta":{"_mi_skip_tracking":false,"footnotes":""},"class_list":["post-15774","page","type-page","status-publish","hentry","entry"],"aioseo_notices":[],"_links":{"self":[{"href":"https:\/\/go-travel.com.mx\/index.php?rest_route=\/wp\/v2\/pages\/15774","targetHints":{"allow":["GET"]}}],"collection":[{"href":"https:\/\/go-travel.com.mx\/index.php?rest_route=\/wp\/v2\/pages"}],"about":[{"href":"https:\/\/go-travel.com.mx\/index.php?rest_route=\/wp\/v2\/types\/page"}],"author":[{"embeddable":true,"href":"https:\/\/go-travel.com.mx\/index.php?rest_route=\/wp\/v2\/users\/1"}],"replies":[{"embeddable":true,"href":"https:\/\/go-travel.com.mx\/index.php?rest_route=%2Fwp%2Fv2%2Fcomments&post=15774"}],"version-history":[{"count":28,"href":"https:\/\/go-travel.com.mx\/index.php?rest_route=\/wp\/v2\/pages\/15774\/revisions"}],"predecessor-version":[{"id":16066,"href":"https:\/\/go-travel.com.mx\/index.php?rest_route=\/wp\/v2\/pages\/15774\/revisions\/16066"}],"wp:attachment":[{"href":"https:\/\/go-travel.com.mx\/index.php?rest_route=%2Fwp%2Fv2%2Fmedia&parent=15774"}],"curies":[{"name":"wp","href":"https:\/\/api.w.org\/{rel}","templated":true}]}}